{"id":10,"date":"2019-08-27T15:02:04","date_gmt":"2019-08-27T15:02:04","guid":{"rendered":"http:\/\/anrie.de\/?page_id=10"},"modified":"2019-11-25T16:34:07","modified_gmt":"2019-11-25T16:34:07","slug":"unternehmen","status":"publish","type":"page","link":"http:\/\/riepinggmbh.de\/?page_id=10","title":{"rendered":"Unternehmen"},"content":{"rendered":"\n<h2 class=\"wp-block-heading\"> Handwerk mit Tradition <\/h2>\n\n\n<p>Unser Handwerksbetrieb blickt auf eine nahezu 100j\u00e4hrige Tradition zur\u00fcck. Zimmermeister Heinrich Rieping (1888-1969) aus Sendenhorst errichtete im Jahre 1919 die Betriebsgeb\u00e4ude und das Wohnhaus an der B54 in Rinkerode zwischen M\u00fcnster und Hamm. Heute befindet sich das Unternehmen in 4.Generation und verbindet traditionelles Handwerk mit moderner Technik.<\/p>\n\n\n<figure class=\"wp-block-image\"><img loading=\"lazy\" decoding=\"async\" width=\"1024\" height=\"366\" src=\"http:\/\/anrie.de\/wp-content\/uploads\/2019\/08\/Leitung-1024x366.jpg\" alt=\"\" class=\"wp-image-42\" srcset=\"http:\/\/riepinggmbh.de\/wp-content\/uploads\/2019\/08\/Leitung-1024x366.jpg 1024w, http:\/\/riepinggmbh.de\/wp-content\/uploads\/2019\/08\/Leitung-300x107.jpg 300w, http:\/\/riepinggmbh.de\/wp-content\/uploads\/2019\/08\/Leitung-768x275.jpg 768w, http:\/\/riepinggmbh.de\/wp-content\/uploads\/2019\/08\/Leitung.jpg 1326w\" sizes=\"auto, (max-width: 767px) 89vw, (max-width: 1000px) 54vw, (max-width: 1071px) 543px, 580px\" \/><\/figure>\n\n\n<p>Gesch\u00e4ftsf\u00fchrer Heinrich Rieping(2v.r.),Zimmermeister und gepr\u00fcfter Restaurator im Zimmerhandwerk, \u00fcbernahm das Unternehmen vor nunmehr 25 Jahren von seinem Vater Heinrich Rieping(2.vl.) der dem Unternehmen weiterhin mit Rat und Tat zur Seite steht. Zimmermeister Christian Rieping(li) vervollst\u00e4ndigt die Betriebsf\u00fchrung und besitzt umfangreiche CAD Kenntnisse f\u00fcr die computergest\u00fctzte Bearbeitung unserer Projekte.<\/p>\n\n\n<figure class=\"wp-block-image\"><img loading=\"lazy\" decoding=\"async\" width=\"1024\" height=\"593\" src=\"http:\/\/anrie.de\/wp-content\/uploads\/2019\/08\/Mitarbeiter-1024x593.jpg\" alt=\"\" class=\"wp-image-44\" srcset=\"http:\/\/riepinggmbh.de\/wp-content\/uploads\/2019\/08\/Mitarbeiter-1024x593.jpg 1024w, http:\/\/riepinggmbh.de\/wp-content\/uploads\/2019\/08\/Mitarbeiter-300x174.jpg 300w, http:\/\/riepinggmbh.de\/wp-content\/uploads\/2019\/08\/Mitarbeiter-768x445.jpg 768w, http:\/\/riepinggmbh.de\/wp-content\/uploads\/2019\/08\/Mitarbeiter.jpg 1325w\" sizes=\"auto, (max-width: 767px) 89vw, (max-width: 1000px) 54vw, (max-width: 1071px) 543px, 580px\" \/><\/figure>\n\n\n<p>Alle unsere Mitarbeiter sind ausgebildete Fachkr\u00e4fte.Aufgrund ihrer langen Firmenzugeh\u00f6rigkeit und gro\u00dfen Fachkenntnis k\u00f6nnen wir als Team unseren hohen Anspruch an Qualit\u00e4t und Zuverl\u00e4ssigkeit verwirklichen.<\/p>\n\n\n<div class=\"wp-block-media-text alignwide\"><figure class=\"wp-block-media-text__media\"><img loading=\"lazy\" decoding=\"async\" width=\"647\" height=\"435\" src=\"http:\/\/anrie.de\/wp-content\/uploads\/2019\/08\/Skizze-1.jpg\" alt=\"\" class=\"wp-image-46\" srcset=\"http:\/\/riepinggmbh.de\/wp-content\/uploads\/2019\/08\/Skizze-1.jpg 647w, http:\/\/riepinggmbh.de\/wp-content\/uploads\/2019\/08\/Skizze-1-300x202.jpg 300w\" sizes=\"auto, (max-width: 647px) 100vw, 647px\" \/><\/figure><div class=\"wp-block-media-text__content\">\n<ul class=\"wp-block-list\"><li> Eine alte Skizze aus dem Jahre 1918, mit der Heinrich Rieping das erste Betriebsgeb\u00e4ude der Firma geplant hat. <\/li><\/ul>\n<\/div><\/div>\n\n\n\n<div class=\"wp-block-media-text alignwide has-media-on-the-right\"><figure class=\"wp-block-media-text__media\"><img loading=\"lazy\" decoding=\"async\" width=\"644\" height=\"338\" src=\"http:\/\/anrie.de\/wp-content\/uploads\/2019\/08\/Luftbild.jpg\" alt=\"\" class=\"wp-image-47\" srcset=\"http:\/\/riepinggmbh.de\/wp-content\/uploads\/2019\/08\/Luftbild.jpg 644w, http:\/\/riepinggmbh.de\/wp-content\/uploads\/2019\/08\/Luftbild-300x157.jpg 300w\" sizes=\"auto, (max-width: 644px) 100vw, 644px\" \/><\/figure><div class=\"wp-block-media-text__content\">\n<ul class=\"wp-block-list\"><li> Heute umfasste der Betrieb \u00fcber 4000qm, auf denen wir mit moderen, als  auch mit traditionellen Methoden unsere Projekte verwirklichen k\u00f6nnen. <\/li><\/ul>\n<\/div><\/div>\n","protected":false},"excerpt":{"rendered":"<p>Handwerk mit Tradition Unser Handwerksbetrieb blickt auf eine nahezu 100j\u00e4hrige Tradition zur\u00fcck. Zimmermeister Heinrich Rieping (1888-1969) aus Sendenhorst errichtete im Jahre 1919 die Betriebsgeb\u00e4ude und das Wohnhaus an der B54 in Rinkerode zwischen M\u00fcnster und Hamm. Heute befindet sich das Unternehmen in 4.Generation und verbindet traditionelles Handwerk mit moderner Technik. Gesch\u00e4ftsf\u00fchrer Heinrich Rieping(2v.r.),Zimmermeister und gepr\u00fcfter &hellip; <\/p>\n<p class=\"link-more\"><a href=\"http:\/\/riepinggmbh.de\/?page_id=10\" class=\"more-link\"><span class=\"screen-reader-text\">\u201eUnternehmen\u201c <\/span>weiterlesen<\/a><\/p>\n","protected":false},"author":1,"featured_media":0,"parent":0,"menu_order":0,"comment_status":"closed","ping_status":"closed","template":"","meta":{"footnotes":""},"class_list":["post-10","page","type-page","status-publish","hentry"],"_links":{"self":[{"href":"http:\/\/riepinggmbh.de\/index.php?rest_route=\/wp\/v2\/pages\/10","targetHints":{"allow":["GET"]}}],"collection":[{"href":"http:\/\/riepinggmbh.de\/index.php?rest_route=\/wp\/v2\/pages"}],"about":[{"href":"http:\/\/riepinggmbh.de\/index.php?rest_route=\/wp\/v2\/types\/page"}],"author":[{"embeddable":true,"href":"http:\/\/riepinggmbh.de\/index.php?rest_route=\/wp\/v2\/users\/1"}],"replies":[{"embeddable":true,"href":"http:\/\/riepinggmbh.de\/index.php?rest_route=%2Fwp%2Fv2%2Fcomments&post=10"}],"version-history":[{"count":3,"href":"http:\/\/riepinggmbh.de\/index.php?rest_route=\/wp\/v2\/pages\/10\/revisions"}],"predecessor-version":[{"id":48,"href":"http:\/\/riepinggmbh.de\/index.php?rest_route=\/wp\/v2\/pages\/10\/revisions\/48"}],"wp:attachment":[{"href":"http:\/\/riepinggmbh.de\/index.php?rest_route=%2Fwp%2Fv2%2Fmedia&parent=10"}],"curies":[{"name":"wp","href":"https:\/\/api.w.org\/{rel}","templated":true}]}}