{"id":123,"date":"2019-08-27T20:31:51","date_gmt":"2019-08-27T20:31:51","guid":{"rendered":"http:\/\/anrie.de\/?page_id=123"},"modified":"2019-08-27T20:38:20","modified_gmt":"2019-08-27T20:38:20","slug":"datenschutzerklaerung","status":"publish","type":"page","link":"http:\/\/riepinggmbh.de\/?page_id=123","title":{"rendered":"Datenschutzerkl\u00e4rung"},"content":{"rendered":"<p>Die Eingabe pers\u00f6nlicher oder gesch\u00e4ftlicher Daten (E-Mail-Adressen, Namen, Anschriften) auf dem Kontaktformular erfolgt ausdr\u00fccklich auf freiwilliger Basis. Die \u00dcbermittlung ist verschl\u00fcsselt.<br \/>\nAlle personenbezogenen Daten, die wir von Ihnen erheben, werden wir nur zu dem angegebenen Zweck erheben, verarbeiten und nutzen. Dabei beachten wir, dass dies nur im Rahmen der jeweils geltenden Rechtsvorschriften bzw. ansonsten nur mit Ihrer Einwilligung geschieht.<br \/>\nNach der EU-Datenschutzgrundverordnung haben Sie jederzeit ein Recht auf unentgeltliche Auskunft \u00fcber Ihre gespeicherten Daten sowie ggf. ein Recht auf Berichtigung, Sperrung oder L\u00f6schung dieser Daten.<br \/>\nSie k\u00f6nnen gem\u00e4\u00df Art. 21 DSGVO in den dort genannten F\u00e4llen Widerspruch gegen die Verarbeitung Ihrer Daten erheben. Bitte nutzen Sie eine der oben genannten Kontaktm\u00f6glichkeiten.<br \/>\nSie haben das Recht zur Beschwerde bei der zust\u00e4ndigen Aufsichtsbeh\u00f6rde f\u00fcr den Datenschutz (Die Landesbeauftragte f\u00fcr Datenschutz und Informationsfreiheit NRW, Postfach 20 04 44, 40102 D\u00fcsseldorf, Tel.: 0211\/38424-0, Fax: 0211\/38424-10, E-Mail: poststelle@ldi.nrw.de)<\/p>\n<p>Umfang und Art der Erhebung und Verwendung Ihrer Daten unterscheidet sich danach, ob Sie unseren Internetauftritt nur zum Abruf von Informationen besuchen oder von uns angebotene Leistungen in Anspruch nehmen:<\/p>\n<p>a) Internetnutzung<br \/>\nF\u00fcr die nur informatorische Nutzung unseres Internetauftritts ist es grunds\u00e4tzlich nicht erforderlich, dass Sie personenbezogene Daten angeben. Vielmehr erheben und verwenden wir in diesem Fall nur diejenigen Ihrer Daten, die uns Ihr Internetbrowser automatisch \u00fcbermittelt, wie etwa:<\/p>\n<p>Datum und Uhrzeit des Abrufs einer unserer Internetseiten<br \/>\nIhren Browsertypdie Browser-Einstellungen<br \/>\ndas verwendete Betriebssystem<br \/>\ndie von Ihnen zuletzt besuchte Seite<br \/>\ndie \u00fcbertragene Datenmenge und der Zugriffsstatus (Datei \u00fcbertragen, Datei nicht gefunden etc.) sowie<br \/>\nIhre IP-Adresse.<\/p>\n<p>Diese Daten erheben und verwenden wir bei einem informatorischen Besuch ausschlie\u00dflich in nicht-personenbezogener Form. Dies erfolgt, um die Nutzung der von Ihnen abgerufenen Internetseiten \u00fcberhaupt zu erm\u00f6glichen, zu statistischen Zwecken sowie zur Verbesserung unseres Internetangebots. Die IP-Adresse speichern wir nur f\u00fcr die Dauer Ihres Besuchs, eine personenbezogene Auswertung findet nicht statt. Eine Zusammenf\u00fchrung dieser Daten mit anderen Datenquellen wird nicht vorgenommen, die Daten werden zudem nach einer statistischen Auswertung gel\u00f6scht. Dies ist nach der Entscheidung des Europ\u00e4ischen Gerichtshofs vom 19.10.2016 (Az.: C 582\/14) auch in Anbetracht des Telemediengesetzes zul\u00e4ssig.<\/p>\n<p>b) Nutzung von Angeboten bzw. Datenverwendung zur Aufgabenerf\u00fcllung Soweit Sie von uns angebotene Leistungen in Anspruch nehmen wollen, ist es m\u00f6glicherweise n\u00f6tig, dass Sie dazu weitere Daten angeben. Es handelt sich um diejenigen Daten, die zur jeweiligen Abwicklung erforderlich sind.<\/p>\n<p>F\u00fcr die Nutzung dieser Seite sind Cookies nicht erforderlich. Ob Cookies gesetzt und abgerufen werden k\u00f6nnen, k\u00f6nnen Sie durch die Einstellungen in Ihrem Browser selbst bestimmen. Sie k\u00f6nnen in Ihrem Browser etwa das Speichern von Cookies g\u00e4nzlich deaktivieren, es auf bestimmte Webseiten beschr\u00e4nken oder Ihren Browser so konfigurieren, dass er Sie automatisch benachrichtigt, sobald ein Cookie gesetzt werden soll und Sie um R\u00fcckmeldung dazu bittet. Ab dem Inkrafttreten der Datenschutzgrundverordnung am 25.05.2018 werden wir vor der Nutzung von Cookies Ihre explizite Zustimmung f\u00fcr die Nutzung von Cookies vor deren Verwendung einholen.<\/p>\n<p>Wir weisen Sie darauf hin, dass Sie eine uns ggf. erteilte datenschutzrechtliche Einwilligung jederzeit mit Wirkung f\u00fcr die Zukunft widerrufen k\u00f6nnen. Soweit gesetzliche Anforderungen zur Erhebung von Daten bestehen (z.B. Architektenliste), besteht kein Widerrufsrecht.<\/p>\n<p>Wir setzen zudem technische und organisatorische Sicherheitsma\u00dfnahmen ein, um anfallende oder erhobene personenbezogene Daten zu sch\u00fctzen, insb. gegen zuf\u00e4llige oder vors\u00e4tzliche Manipulation, Verlust, Zerst\u00f6rung oder gegen den Angriff unberechtigter Personen. Unsere Sicherheitsma\u00dfnahmen werden entsprechend der technologischen Entwicklung fortlaufend verbessert.<\/p>\n<p>Wir speichern personenbezogene Daten jeweils nur so lange, bis der Zweck der Datenspeicherung entf\u00e4llt, so lange keine gesetzlichen Aufbewahrungsfristen oder Verj\u00e4hrungsfristen von m\u00f6glicherweise der Rechtsverfolgung dienlichen Daten der L\u00f6schung entgegenstehen (in diesem Fall wird die Verarbeitung der Daten nach Art. 18 DSGVO eingeschr\u00e4nkt).<\/p>\n","protected":false},"excerpt":{"rendered":"<p>Die Eingabe pers\u00f6nlicher oder gesch\u00e4ftlicher Daten (E-Mail-Adressen, Namen, Anschriften) auf dem Kontaktformular erfolgt ausdr\u00fccklich auf freiwilliger Basis. Die \u00dcbermittlung ist verschl\u00fcsselt. Alle personenbezogenen Daten, die wir von Ihnen erheben, werden wir nur zu dem angegebenen Zweck erheben, verarbeiten und nutzen. Dabei beachten wir, dass dies nur im Rahmen der jeweils geltenden Rechtsvorschriften bzw. ansonsten nur &hellip; <\/p>\n<p class=\"link-more\"><a href=\"http:\/\/riepinggmbh.de\/?page_id=123\" class=\"more-link\"><span class=\"screen-reader-text\">\u201eDatenschutzerkl\u00e4rung\u201c <\/span>weiterlesen<\/a><\/p>\n","protected":false},"author":1,"featured_media":0,"parent":0,"menu_order":0,"comment_status":"closed","ping_status":"closed","template":"","meta":{"footnotes":""},"class_list":["post-123","page","type-page","status-publish","hentry"],"_links":{"self":[{"href":"http:\/\/riepinggmbh.de\/index.php?rest_route=\/wp\/v2\/pages\/123","targetHints":{"allow":["GET"]}}],"collection":[{"href":"http:\/\/riepinggmbh.de\/index.php?rest_route=\/wp\/v2\/pages"}],"about":[{"href":"http:\/\/riepinggmbh.de\/index.php?rest_route=\/wp\/v2\/types\/page"}],"author":[{"embeddable":true,"href":"http:\/\/riepinggmbh.de\/index.php?rest_route=\/wp\/v2\/users\/1"}],"replies":[{"embeddable":true,"href":"http:\/\/riepinggmbh.de\/index.php?rest_route=%2Fwp%2Fv2%2Fcomments&post=123"}],"version-history":[{"count":5,"href":"http:\/\/riepinggmbh.de\/index.php?rest_route=\/wp\/v2\/pages\/123\/revisions"}],"predecessor-version":[{"id":133,"href":"http:\/\/riepinggmbh.de\/index.php?rest_route=\/wp\/v2\/pages\/123\/revisions\/133"}],"wp:attachment":[{"href":"http:\/\/riepinggmbh.de\/index.php?rest_route=%2Fwp%2Fv2%2Fmedia&parent=123"}],"curies":[{"name":"wp","href":"https:\/\/api.w.org\/{rel}","templated":true}]}}