{"id":144,"date":"2019-08-27T20:58:29","date_gmt":"2019-08-27T20:58:29","guid":{"rendered":"http:\/\/anrie.de\/?page_id=144"},"modified":"2019-08-27T21:01:45","modified_gmt":"2019-08-27T21:01:45","slug":"impressum","status":"publish","type":"page","link":"http:\/\/riepinggmbh.de\/?page_id=144","title":{"rendered":"Impressum"},"content":{"rendered":"\n<h2 class=\"wp-block-heading\">Rechtlicher Inhaber<\/h2>\n\n\n<p>Betreiber: Heinrich Rieping<br \/>Eickenbeck 41<br \/>48317 Rinkerode<\/p>\n<p>Tel.: 02538 8027<br \/>Mail: zimmerei@riepinggmbh.de<\/p>\n\n\n<h2 class=\"wp-block-heading\"> Verantwortlich f\u00fcr den Inhalt dieser Webseite: <\/h2>\n\n\n<p>Christian Rieping<br \/>Eickenbeck 41<br \/>48317 Rinkerode<\/p>\n<p>Tel.: 02538 8027<br \/>Mail: christian@riepinggmbh.de<\/p>\n\n\n<h2 class=\"wp-block-heading\">Urheberrecht<\/h2>\n\n\n<p>Alle Inhalte dieser WebSite sind durch das Urheberrecht gesch\u00fctzt. Eine Vervielf\u00e4ltigung oder Verwendung der Inhalte ist ohne ausdr\u00fcckliche Zustimmung nicht gestattet. F\u00fcr eventuelle Fehler kann keine Haftung \u00fcbernommen werden. Alle innerhalb des Internetangebotes genannten und ggf. durch Dritte gesch\u00fctzten Marken- und Warenzeichen unterliegen uneingeschr\u00e4nkt den Bestimmungen des jeweils g\u00fcltigen Kennzeichenrechts und den Besitzrechten der jeweiligen eingetragenen Eigent\u00fcmer.<\/p>","protected":false},"excerpt":{"rendered":"<p>Rechtlicher Inhaber Betreiber: Heinrich RiepingEickenbeck 4148317 Rinkerode Tel.: 02538 8027Mail: zimmerei@riepinggmbh.de Verantwortlich f\u00fcr den Inhalt dieser Webseite: Christian RiepingEickenbeck 4148317 Rinkerode Tel.: 02538 8027Mail: christian@riepinggmbh.de Urheberrecht Alle Inhalte dieser WebSite sind durch das Urheberrecht gesch\u00fctzt. Eine Vervielf\u00e4ltigung oder Verwendung der Inhalte ist ohne ausdr\u00fcckliche Zustimmung nicht gestattet. F\u00fcr eventuelle Fehler kann keine Haftung \u00fcbernommen werden. &hellip; <\/p>\n<p class=\"link-more\"><a href=\"http:\/\/riepinggmbh.de\/?page_id=144\" class=\"more-link\"><span class=\"screen-reader-text\">\u201eImpressum\u201c <\/span>weiterlesen<\/a><\/p>\n","protected":false},"author":1,"featured_media":0,"parent":0,"menu_order":0,"comment_status":"closed","ping_status":"closed","template":"","meta":{"footnotes":""},"class_list":["post-144","page","type-page","status-publish","hentry"],"_links":{"self":[{"href":"http:\/\/riepinggmbh.de\/index.php?rest_route=\/wp\/v2\/pages\/144","targetHints":{"allow":["GET"]}}],"collection":[{"href":"http:\/\/riepinggmbh.de\/index.php?rest_route=\/wp\/v2\/pages"}],"about":[{"href":"http:\/\/riepinggmbh.de\/index.php?rest_route=\/wp\/v2\/types\/page"}],"author":[{"embeddable":true,"href":"http:\/\/riepinggmbh.de\/index.php?rest_route=\/wp\/v2\/users\/1"}],"replies":[{"embeddable":true,"href":"http:\/\/riepinggmbh.de\/index.php?rest_route=%2Fwp%2Fv2%2Fcomments&post=144"}],"version-history":[{"count":3,"href":"http:\/\/riepinggmbh.de\/index.php?rest_route=\/wp\/v2\/pages\/144\/revisions"}],"predecessor-version":[{"id":153,"href":"http:\/\/riepinggmbh.de\/index.php?rest_route=\/wp\/v2\/pages\/144\/revisions\/153"}],"wp:attachment":[{"href":"http:\/\/riepinggmbh.de\/index.php?rest_route=%2Fwp%2Fv2%2Fmedia&parent=144"}],"curies":[{"name":"wp","href":"https:\/\/api.w.org\/{rel}","templated":true}]}}